{"id":1548,"date":"2022-01-13T21:38:29","date_gmt":"2022-01-14T02:38:29","guid":{"rendered":"https:\/\/dvcom.ca\/digital-marketing-services\/social-media-marketing\/"},"modified":"2024-09-18T06:41:58","modified_gmt":"2024-09-18T10:41:58","slug":"social-media-marketing","status":"publish","type":"page","link":"https:\/\/dvcom.ca\/en\/digital-marketing-services\/social-media-marketing\/","title":{"rendered":"Social Media Marketing"},"content":{"rendered":"\n<div class=\"wp-block-media-text alignwide is-stacked-on-mobile has-white-color has-accent-background-color has-text-color has-background\" style=\"grid-template-columns:60% auto\"><figure class=\"wp-block-media-text__media\"><img decoding=\"async\" width=\"1024\" height=\"693\" src=\"https:\/\/ehu9ccdv3oe.exactdn.com\/wp-content\/uploads\/2021\/09\/Marketing-Strategy-1920X1299-1024x693.jpg?strip=all\" alt=\"AI's full performance!\" class=\"wp-image-621 size-full\" srcset=\"https:\/\/ehu9ccdv3oe.exactdn.com\/wp-content\/uploads\/2021\/09\/Marketing-Strategy-1920X1299-1024x693.jpg?strip=all 1024w, https:\/\/ehu9ccdv3oe.exactdn.com\/wp-content\/uploads\/2021\/09\/Marketing-Strategy-1920X1299-300x203.jpg?strip=all 300w, https:\/\/ehu9ccdv3oe.exactdn.com\/wp-content\/uploads\/2021\/09\/Marketing-Strategy-1920X1299-768x520.jpg?strip=all 768w, https:\/\/ehu9ccdv3oe.exactdn.com\/wp-content\/uploads\/2021\/09\/Marketing-Strategy-1920X1299-1536x1039.jpg?strip=all 1536w, https:\/\/ehu9ccdv3oe.exactdn.com\/wp-content\/uploads\/2021\/09\/Marketing-Strategy-1920X1299.jpg?strip=all 1920w, https:\/\/ehu9ccdv3oe.exactdn.com\/wp-content\/uploads\/2021\/09\/Marketing-Strategy-1920X1299.jpg?strip=all&amp;w=384 384w, https:\/\/ehu9ccdv3oe.exactdn.com\/wp-content\/uploads\/2021\/09\/Marketing-Strategy-1920X1299.jpg?strip=all&amp;w=1152 1152w, https:\/\/ehu9ccdv3oe.exactdn.com\/wp-content\/uploads\/2021\/09\/Marketing-Strategy-1920X1299.jpg?strip=all&amp;w=450 450w\" sizes=\"(max-width: 1024px) 100vw, 1024px\" \/><\/figure><div class=\"wp-block-media-text__content\">\n<h2 class=\"wp-block-heading\" id=\"h-maximiser-la-visibilite-de-votre-marque\">Maximize the visibility of your brand!<\/h2>\n\n\n\n<p>You need to master the language of Social Media in order to stay visible and connected with your potential customers, where they are: Youtube, Facebook, Instagram, TikTok, LinkedIn, Twitter&#8230;.<\/p>\n<\/div><\/div>\n\n\n\n<hr class=\"wp-block-separator has-css-opacity\"\/>\n\n\n\n<blockquote class=\"wp-block-quote is-style-large is-layout-flow wp-block-quote-is-layout-flow\">\n<p>Each Social Media offers the opportunity to stage an engaging and profitable Brand Experience, and convert a potential customer into a consumer and maybe, an ambassador!<\/p>\n<\/blockquote>\n\n\n\n<div style=\"height:48px\" aria-hidden=\"true\" class=\"wp-block-spacer\"><\/div>\n\n\n\n<div class=\"wp-block-columns is-layout-flex wp-container-core-columns-is-layout-9d6595d7 wp-block-columns-is-layout-flex\">\n<div class=\"wp-block-column is-layout-flow wp-block-column-is-layout-flow\">\n<h2 class=\"wp-block-heading\" id=\"h-optimisation-d-identites\">Identity Optimization<\/h2>\n\n\n\n<p>Gateway to traffic and followers; creating engaging and informative social media profiles is an essential requirement to direct your target audience to your content and convert them into customers.<\/p>\n<\/div>\n\n\n\n<div class=\"wp-block-column is-layout-flow wp-block-column-is-layout-flow\">\n<h2 class=\"wp-block-heading\" id=\"h-ai-automatisation\">Conversation Automation<\/h2>\n\n\n\n<p>With Artificial Intelligence-powered Chatbots, you&#8217;ll be able to keep the conversation going and optimize your engagement with your customers&#8230; anywhere, anytime!<\/p>\n<\/div>\n<\/div>\n\n\n\n<div class=\"wp-block-columns is-layout-flex wp-container-core-columns-is-layout-9d6595d7 wp-block-columns-is-layout-flex\">\n<div class=\"wp-block-column is-layout-flow wp-block-column-is-layout-flow\">\n<h2 class=\"wp-block-heading\" id=\"h-gestion-de-communaute\">Community Management<\/h2>\n\n\n\n<p>Stimulating the creation of community-generated content, responding to community needs and, of course, managing your eReputation are key activities in establishing a meaningful online presence.<\/p>\n<\/div>\n\n\n\n<div class=\"wp-block-column is-layout-flow wp-block-column-is-layout-flow\">\n<h2 class=\"wp-block-heading\" id=\"h-concours-sur-les-medias-sociaux\">Social Media Contest<\/h2>\n\n\n\n<p>Social Media Marketing is all about maintaining the interest and loyalty of your Community; contests and promotions are proven tactics to be staged on a recurring basis, thanks to Artificial Intelligence.<\/p>\n<\/div>\n<\/div>\n\n\n\n<div style=\"height:100px\" aria-hidden=\"true\" class=\"wp-block-spacer\"><\/div>\n\n\n\n<div class=\"wp-block-media-text alignwide has-media-on-the-right is-stacked-on-mobile has-white-color has-accent-background-color has-text-color has-background\" style=\"grid-template-columns:auto 60%\"><div class=\"wp-block-media-text__content\">\n<h2 class=\"wp-block-heading\" id=\"h-le-pouvoir-des-medias-sociaux\">The Power of Social Media!<\/h2>\n\n\n\n<p>Measuring your activity on Social Media will be reflected in the number of retweets, shares, comments, likes and views on platforms where interaction draws its power from the moment and novelty.<\/p>\n<\/div><figure class=\"wp-block-media-text__media\"><img decoding=\"async\" width=\"1024\" height=\"619\" src=\"https:\/\/ehu9ccdv3oe.exactdn.com\/wp-content\/uploads\/2024\/09\/Y-Selfie-for-IG-1920X1161-inverted-1024x619.jpg?strip=all\" alt=\"\" class=\"wp-image-1914 size-full\" srcset=\"https:\/\/ehu9ccdv3oe.exactdn.com\/wp-content\/uploads\/2024\/09\/Y-Selfie-for-IG-1920X1161-inverted-1024x619.jpg?strip=all 1024w, https:\/\/ehu9ccdv3oe.exactdn.com\/wp-content\/uploads\/2024\/09\/Y-Selfie-for-IG-1920X1161-inverted-300x181.jpg?strip=all 300w, https:\/\/ehu9ccdv3oe.exactdn.com\/wp-content\/uploads\/2024\/09\/Y-Selfie-for-IG-1920X1161-inverted-768x464.jpg?strip=all 768w, https:\/\/ehu9ccdv3oe.exactdn.com\/wp-content\/uploads\/2024\/09\/Y-Selfie-for-IG-1920X1161-inverted-1536x929.jpg?strip=all 1536w, https:\/\/ehu9ccdv3oe.exactdn.com\/wp-content\/uploads\/2024\/09\/Y-Selfie-for-IG-1920X1161-inverted.jpg?strip=all 1920w, https:\/\/ehu9ccdv3oe.exactdn.com\/wp-content\/uploads\/2024\/09\/Y-Selfie-for-IG-1920X1161-inverted.jpg?strip=all&amp;w=384 384w, https:\/\/ehu9ccdv3oe.exactdn.com\/wp-content\/uploads\/2024\/09\/Y-Selfie-for-IG-1920X1161-inverted.jpg?strip=all&amp;w=1152 1152w, https:\/\/ehu9ccdv3oe.exactdn.com\/wp-content\/uploads\/2024\/09\/Y-Selfie-for-IG-1920X1161-inverted.jpg?strip=all&amp;w=450 450w\" sizes=\"(max-width: 1024px) 100vw, 1024px\" \/><\/figure><\/div>\n\n\n\n<div style=\"height:100px\" aria-hidden=\"true\" class=\"wp-block-spacer\"><\/div>\n\n\n\n<div style=\"height:70px\" aria-hidden=\"true\" class=\"wp-block-spacer\"><\/div>\n\n\n\n<p class=\"has-text-align-center has-accent-color has-text-color\" style=\"font-size:24px\"><strong>You&#8217;ve got a challenge?<\/strong><\/p>\n\n\n\n<h2 class=\"wp-block-heading has-text-align-center\" id=\"h-offrez-nous-le-privilege\">Let us help you succeed!<\/h2>\n\n\n\n<div style=\"height:10px\" aria-hidden=\"true\" class=\"wp-block-spacer\"><\/div>\n\n\n\n<div class=\"wp-block-buttons is-horizontal is-content-justification-center is-layout-flex wp-container-core-buttons-is-layout-499968f5 wp-block-buttons-is-layout-flex\">\n<div class=\"wp-block-button\"><a class=\"wp-block-button__link has-accent-background-color has-background wp-element-button\" href=\"https:\/\/dvcom.ca\/en\/contact\/\">CONTACT<\/a><\/div>\n<\/div>\n\n\n\n<p><\/p>\n","protected":false},"excerpt":{"rendered":"<p>Maximize the visibility of your brand! You need to master the language of Social Media in order to stay visible and connected with your potential customers, where they are: Youtube, Facebook, Instagram, TikTok, LinkedIn, Twitter&#8230;. Each Social Media offers the opportunity to stage an engaging and profitable Brand Experience, and convert a potential customer into&hellip;<\/p>\n","protected":false},"author":3,"featured_media":0,"parent":1523,"menu_order":2,"comment_status":"closed","ping_status":"closed","template":"","meta":{"_seopress_robots_primary_cat":"","_seopress_titles_title":"M\u00e9dias Sociaux - Marketing et Automatisation","_seopress_titles_desc":"Marketing des M\u00e9dias Sociaux y incluant la Gestion d'identit\u00e9s, la Gestion de Communaut\u00e9, l'Automatisation et les Concours & Promotions","_seopress_robots_index":"","_uag_custom_page_level_css":"","footnotes":""},"class_list":["post-1548","page","type-page","status-publish","hentry","description-off"],"featured_image_src":null,"uagb_featured_image_src":{"full":false,"thumbnail":false,"medium":false,"medium_large":false,"large":false,"1536x1536":false,"2048x2048":false},"uagb_author_info":{"display_name":"Denis Paul","author_link":"https:\/\/dvcom.ca\/en\/author\/zenden\/"},"uagb_comment_info":0,"uagb_excerpt":"Maximize the visibility of your brand! You need to master the language of Social Media in order to stay visible and connected with your potential customers, where they are: Youtube, Facebook, Instagram, TikTok, LinkedIn, Twitter&#8230;. Each Social Media offers the opportunity to stage an engaging and profitable Brand Experience, and convert a potential customer into&hellip;","_links":{"self":[{"href":"https:\/\/dvcom.ca\/en\/wp-json\/wp\/v2\/pages\/1548","targetHints":{"allow":["GET"]}}],"collection":[{"href":"https:\/\/dvcom.ca\/en\/wp-json\/wp\/v2\/pages"}],"about":[{"href":"https:\/\/dvcom.ca\/en\/wp-json\/wp\/v2\/types\/page"}],"author":[{"embeddable":true,"href":"https:\/\/dvcom.ca\/en\/wp-json\/wp\/v2\/users\/3"}],"replies":[{"embeddable":true,"href":"https:\/\/dvcom.ca\/en\/wp-json\/wp\/v2\/comments?post=1548"}],"version-history":[{"count":14,"href":"https:\/\/dvcom.ca\/en\/wp-json\/wp\/v2\/pages\/1548\/revisions"}],"predecessor-version":[{"id":1943,"href":"https:\/\/dvcom.ca\/en\/wp-json\/wp\/v2\/pages\/1548\/revisions\/1943"}],"up":[{"embeddable":true,"href":"https:\/\/dvcom.ca\/en\/wp-json\/wp\/v2\/pages\/1523"}],"wp:attachment":[{"href":"https:\/\/dvcom.ca\/en\/wp-json\/wp\/v2\/media?parent=1548"}],"curies":[{"name":"wp","href":"https:\/\/api.w.org\/{rel}","templated":true}]}}