{"id":1512,"date":"2022-01-12T16:31:41","date_gmt":"2022-01-12T21:31:41","guid":{"rendered":"https:\/\/dvcom.ca\/digital-marketing-agency\/"},"modified":"2024-09-18T07:16:50","modified_gmt":"2024-09-18T11:16:50","slug":"digital-marketing-agency","status":"publish","type":"page","link":"https:\/\/dvcom.ca\/en\/digital-marketing-agency\/","title":{"rendered":"Digital Marketing Agency"},"content":{"rendered":"\n<div class=\"wp-block-media-text alignwide has-media-on-the-right is-stacked-on-mobile\" style=\"grid-template-columns:auto 42%\"><div class=\"wp-block-media-text__content\">\n<h2 class=\"wp-block-heading has-dark-gray-color has-text-color\" id=\"h-speed-up-in-digital-mode\">Speed up&#8230; in digital mode.<\/h2>\n\n\n\n<div style=\"height:30px\" aria-hidden=\"true\" class=\"wp-block-spacer\"><\/div>\n\n\n\n<p><\/p>\n\n\n\n<p class=\"has-medium-font-size\">We develop inspired digital marketing strategies to reach customers and prospects across the web!<\/p>\n\n\n\n<p><\/p>\n\n\n\n<p class=\"has-medium-font-size\">We plan, create and manage all aspects of our clients&#8217; online presence and advertising campaigns.<\/p>\n\n\n\n<p><\/p>\n\n\n\n<div style=\"height:20px\" aria-hidden=\"true\" class=\"wp-block-spacer\"><\/div>\n\n\n\n<div class=\"wp-block-buttons is-layout-flex wp-block-buttons-is-layout-flex\">\n<div class=\"wp-block-button has-custom-font-size has-normal-font-size\"><a class=\"wp-block-button__link has-accent-background-color has-background wp-element-button\">Tell us about your challenges<\/a><\/div>\n<\/div>\n<\/div><figure class=\"wp-block-media-text__media\"><img decoding=\"async\" width=\"1000\" height=\"1000\" src=\"https:\/\/ehu9ccdv3oe.exactdn.com\/wp-content\/uploads\/2018\/12\/c013.jpg?strip=all\" alt=\"digital strategist workstation\" class=\"wp-image-58 size-full\" srcset=\"https:\/\/ehu9ccdv3oe.exactdn.com\/wp-content\/uploads\/2018\/12\/c013.jpg?strip=all 1000w, https:\/\/ehu9ccdv3oe.exactdn.com\/wp-content\/uploads\/2018\/12\/c013-300x300.jpg?strip=all 300w, https:\/\/ehu9ccdv3oe.exactdn.com\/wp-content\/uploads\/2018\/12\/c013-150x150.jpg?strip=all 150w, https:\/\/ehu9ccdv3oe.exactdn.com\/wp-content\/uploads\/2018\/12\/c013-768x768.jpg?strip=all 768w, https:\/\/ehu9ccdv3oe.exactdn.com\/wp-content\/uploads\/2018\/12\/c013.jpg?strip=all&amp;w=200 200w, https:\/\/ehu9ccdv3oe.exactdn.com\/wp-content\/uploads\/2018\/12\/c013.jpg?strip=all&amp;w=400 400w, https:\/\/ehu9ccdv3oe.exactdn.com\/wp-content\/uploads\/2018\/12\/c013.jpg?strip=all&amp;w=600 600w, https:\/\/ehu9ccdv3oe.exactdn.com\/wp-content\/uploads\/2018\/12\/c013.jpg?strip=all&amp;w=450 450w\" sizes=\"(max-width: 1000px) 100vw, 1000px\" \/><\/figure><\/div>\n\n\n\n<div style=\"height:80px\" aria-hidden=\"true\" class=\"wp-block-spacer\"><\/div>\n\n\n\n<div style=\"height:80px\" aria-hidden=\"true\" class=\"wp-block-spacer\"><\/div>\n\n\n\n<h2 class=\"wp-block-heading has-text-align-center\" id=\"h-beyond-strategy-creating\">Beyond strategy, creating<\/h2>\n\n\n\n<h2 class=\"wp-block-heading has-text-align-center\" id=\"h-a-remarquable-brand-experience\">&#8230;a <em>remarquable<\/em> Brand Experience.<\/h2>\n\n\n\n<div class=\"wp-block-columns is-layout-flex wp-container-core-columns-is-layout-9d6595d7 wp-block-columns-is-layout-flex\">\n<div class=\"wp-block-column is-layout-flow wp-block-column-is-layout-flow\">\n<p class=\"has-text-align-center\">Designing digital marketing strategies means first understanding the essence of brands,<\/p>\n\n\n\n<p class=\"has-text-align-center\">the relationship between a brand and its Community! This relationship tells the story of the brand&#8230;<\/p>\n<\/div>\n<\/div>\n\n\n\n<div style=\"height:50px\" aria-hidden=\"true\" class=\"wp-block-spacer\"><\/div>\n\n\n\n<div class=\"wp-block-buttons is-content-justification-center is-layout-flex wp-container-core-buttons-is-layout-16018d1d wp-block-buttons-is-layout-flex\">\n<div class=\"wp-block-button has-custom-font-size align-center has-normal-font-size\"><a class=\"wp-block-button__link has-white-color has-accent-background-color has-text-color has-background wp-element-button\" href=\"https:\/\/dvcom.ca\/en\/digital-marketing-services\/\">Our Service Offer<\/a><\/div>\n<\/div>\n\n\n\n<div style=\"height:50px\" aria-hidden=\"true\" class=\"wp-block-spacer\"><\/div>\n\n\n\n<div class=\"wp-block-buttons is-layout-flex wp-block-buttons-is-layout-flex\"><\/div>\n\n\n\n<div style=\"height:100px\" aria-hidden=\"true\" class=\"wp-block-spacer\"><\/div>\n\n\n\n<p><\/p>\n\n\n\n<div class=\"wp-block-columns is-layout-flex wp-container-core-columns-is-layout-9d6595d7 wp-block-columns-is-layout-flex\">\n<div class=\"wp-block-column is-layout-flow wp-block-column-is-layout-flow\">\n<div class=\"wp-block-image\"><figure class=\"aligncenter size-large is-resized\"><img decoding=\"async\" src=\"https:\/\/ehu9ccdv3oe.exactdn.com\/wp-content\/uploads\/2021\/11\/Denis_V-07-Retouche-1920X1280_edited-683x1024.jpg?strip=all\" alt=\"Denis Paul Vanchestein, Partner &amp;amp; Digital Strategist of DVCOM Digital Marketing Agency - edited\" class=\"wp-image-1377\" width=\"320\" height=\"480\" srcset=\"https:\/\/ehu9ccdv3oe.exactdn.com\/wp-content\/uploads\/2021\/11\/Denis_V-07-Retouche-1920X1280_edited-683x1024.jpg?strip=all 683w, https:\/\/ehu9ccdv3oe.exactdn.com\/wp-content\/uploads\/2021\/11\/Denis_V-07-Retouche-1920X1280_edited-200x300.jpg?strip=all 200w, https:\/\/ehu9ccdv3oe.exactdn.com\/wp-content\/uploads\/2021\/11\/Denis_V-07-Retouche-1920X1280_edited-768x1152.jpg?strip=all 768w, https:\/\/ehu9ccdv3oe.exactdn.com\/wp-content\/uploads\/2021\/11\/Denis_V-07-Retouche-1920X1280_edited-1024x1536.jpg?strip=all 1024w, https:\/\/ehu9ccdv3oe.exactdn.com\/wp-content\/uploads\/2021\/11\/Denis_V-07-Retouche-1920X1280_edited.jpg?strip=all 1280w, https:\/\/ehu9ccdv3oe.exactdn.com\/wp-content\/uploads\/2021\/11\/Denis_V-07-Retouche-1920X1280_edited.jpg?strip=all&amp;w=256 256w, https:\/\/ehu9ccdv3oe.exactdn.com\/wp-content\/uploads\/2021\/11\/Denis_V-07-Retouche-1920X1280_edited.jpg?strip=all&amp;w=512 512w\" sizes=\"(max-width: 320px) 100vw, 320px\" \/><\/figure><\/div>\n<\/div>\n\n\n\n<div class=\"wp-block-column is-layout-flow wp-block-column-is-layout-flow\">\n<div class=\"wp-block-image\"><figure class=\"aligncenter size-large is-resized\"><img decoding=\"async\" src=\"https:\/\/ehu9ccdv3oe.exactdn.com\/wp-content\/uploads\/2021\/12\/B_Descary-05-1280X1920-rev-683x1024.jpg?strip=all\" alt=\"Benoit Descary, Partner &amp;amp; Digital Strategist of DVCOM Digital Marketing Agency\" class=\"wp-image-1389\" width=\"320\" height=\"480\" srcset=\"https:\/\/ehu9ccdv3oe.exactdn.com\/wp-content\/uploads\/2021\/12\/B_Descary-05-1280X1920-rev-683x1024.jpg?strip=all 683w, https:\/\/ehu9ccdv3oe.exactdn.com\/wp-content\/uploads\/2021\/12\/B_Descary-05-1280X1920-rev-200x300.jpg?strip=all 200w, https:\/\/ehu9ccdv3oe.exactdn.com\/wp-content\/uploads\/2021\/12\/B_Descary-05-1280X1920-rev-768x1152.jpg?strip=all 768w, https:\/\/ehu9ccdv3oe.exactdn.com\/wp-content\/uploads\/2021\/12\/B_Descary-05-1280X1920-rev-1024x1536.jpg?strip=all 1024w, https:\/\/ehu9ccdv3oe.exactdn.com\/wp-content\/uploads\/2021\/12\/B_Descary-05-1280X1920-rev.jpg?strip=all 1280w, https:\/\/ehu9ccdv3oe.exactdn.com\/wp-content\/uploads\/2021\/12\/B_Descary-05-1280X1920-rev.jpg?strip=all&amp;w=256 256w, https:\/\/ehu9ccdv3oe.exactdn.com\/wp-content\/uploads\/2021\/12\/B_Descary-05-1280X1920-rev.jpg?strip=all&amp;w=512 512w\" sizes=\"(max-width: 320px) 100vw, 320px\" \/><\/figure><\/div>\n<\/div>\n<\/div>\n\n\n\n<div class=\"wp-block-columns is-layout-flex wp-container-core-columns-is-layout-9d6595d7 wp-block-columns-is-layout-flex\">\n<div class=\"wp-block-column is-layout-flow wp-block-column-is-layout-flow\">\n<h2 class=\"wp-block-heading has-text-align-center\" id=\"h-denis-paul-vanchestein\">Denis Paul Vanchestein<\/h2>\n\n\n\n<h4 class=\"wp-block-heading has-text-align-center\" id=\"h-digital-strategist-partner\">Digital Strategist, <span class=\"has-inline-color has-accent-color\">PARTNER<\/span><\/h4>\n<\/div>\n\n\n\n<div class=\"wp-block-column is-layout-flow wp-block-column-is-layout-flow\">\n<h2 class=\"wp-block-heading has-text-align-center\" id=\"h-benoit-descary\">Benoit Descary<\/h2>\n\n\n\n<h4 class=\"wp-block-heading has-text-align-center\" id=\"h-digital-strategist-partner-1\">Digital Strategist, <span class=\"has-inline-color has-accent-color\">PARTNER<\/span><\/h4>\n<\/div>\n<\/div>\n\n\n\n<p><\/p>\n\n\n\n<h3 class=\"wp-block-heading has-text-align-center\" id=\"h-career-path\">Career Path<\/h3>\n\n\n\n<p><\/p>\n\n\n\n<div class=\"wp-block-columns has-2-columns is-layout-flex wp-container-core-columns-is-layout-9d6595d7 wp-block-columns-is-layout-flex\">\n<div class=\"wp-block-column is-layout-flow wp-block-column-is-layout-flow\">\n<blockquote class=\"wp-block-quote is-layout-flow wp-block-quote-is-layout-flow\">\n<p>With more than 25 years of experience in digital marketing, Denis Paul is recognized for his creativity in terms of content marketing and his rigor in terms of data science. Denis Paul has also held several key positions in Marketing &amp; Communication agencies.<\/p>\n<\/blockquote>\n\n\n\n<div style=\"height:20px\" aria-hidden=\"true\" class=\"wp-block-spacer\"><\/div>\n\n\n\n<p><\/p>\n<\/div>\n\n\n\n<div class=\"wp-block-column is-layout-flow wp-block-column-is-layout-flow\">\n<blockquote class=\"wp-block-quote is-layout-flow wp-block-quote-is-layout-flow\">\n<p>Beno\u00eet has been publishing a blog specialized in Web Technologies and Social Media for more than 10 years now and is regularly ranked in the top 20 most influential tech blogs in the French-speaking world with more than a million visitors\/year. He has also published a book on live video.<\/p>\n<\/blockquote>\n\n\n\n<div style=\"height:20px\" aria-hidden=\"true\" class=\"wp-block-spacer\"><\/div>\n<\/div>\n<\/div>\n\n\n\n<div class=\"wp-block-columns has-2-columns is-layout-flex wp-container-core-columns-is-layout-9d6595d7 wp-block-columns-is-layout-flex\">\n<div class=\"wp-block-column is-layout-flow wp-block-column-is-layout-flow\">\n<blockquote class=\"wp-block-quote is-layout-flow wp-block-quote-is-layout-flow\">\n<p>He has carried out various mandates for companies and organizations such as Astral Media, Dutailier, OPPQ, Cossette, T\u00e9l\u00e9-Qu\u00e9bec, Ritz Carlton, CRIM, Minist\u00e8re de l&#8217;Immigration du Qu\u00e9bec, H\u00f4tel InterContinental, RDS, BudLight, V T\u00e9l\u00e9, Fertilys.<\/p>\n<\/blockquote>\n\n\n\n<div style=\"height:20px\" aria-hidden=\"true\" class=\"wp-block-spacer\"><\/div>\n<\/div>\n\n\n\n<div class=\"wp-block-column is-layout-flow wp-block-column-is-layout-flow\">\n<blockquote class=\"wp-block-quote is-layout-flow wp-block-quote-is-layout-flow\">\n<p>He has worked as a consultant for several companies and organizations such as Universit\u00e9 de Montr\u00e9al, Astral Media, Guarda, OPPQ, Integrim, VIA Rail, CPDQ, La fondation L\u00e9ger, La Fondation du Coll\u00e8ge Dominicain, Dutailier. <\/p>\n<\/blockquote>\n<\/div>\n<\/div>\n\n\n\n<p><\/p>\n\n\n\n<div style=\"height:20px\" aria-hidden=\"true\" class=\"wp-block-spacer\"><\/div>\n\n\n\n<p class=\"has-text-align-center has-accent-color has-text-color\" style=\"font-size:24px\"><strong>You&#8217;ve got a challenge?<\/strong><\/p>\n\n\n\n<h2 class=\"wp-block-heading has-text-align-center has-dark-gray-color has-text-color\" id=\"h-let-us-help-you-succeed\">Let us help you succeed!<\/h2>\n\n\n\n<div class=\"wp-block-buttons is-layout-flex wp-block-buttons-is-layout-flex\">\n<div class=\"wp-block-button align-center\"><a class=\"wp-block-button__link has-white-color has-accent-background-color has-text-color has-background wp-element-button\" href=\"https:\/\/dvcom.ca\/en\/contact\/\">CONTACT<\/a><\/div>\n<\/div>\n\n\n\n<div class=\"wp-block-buttons is-layout-flex wp-block-buttons-is-layout-flex\"><\/div>\n\n\n\n<p><\/p>\n","protected":false},"excerpt":{"rendered":"<p>Beyond strategy, creating &#8230;a remarquable Brand Experience. Designing digital marketing strategies means first understanding the essence of brands, the relationship between a brand and its Community! This relationship tells the story of the brand&#8230; Denis Paul Vanchestein Digital Strategist, PARTNER Benoit Descary Digital Strategist, PARTNER Career Path With more than 25 years of experience in&hellip;<\/p>\n","protected":false},"author":3,"featured_media":0,"parent":0,"menu_order":20,"comment_status":"closed","ping_status":"closed","template":"","meta":{"_seopress_robots_primary_cat":"","_seopress_titles_title":"Digital Marketing Strategies","_seopress_titles_desc":"Digital marketing strategies to reach customers and prospects on the web, managing your online presence and advertising campaigns","_seopress_robots_index":"","_uag_custom_page_level_css":"","footnotes":""},"class_list":["post-1512","page","type-page","status-publish","hentry","description-off"],"featured_image_src":null,"uagb_featured_image_src":{"full":false,"thumbnail":false,"medium":false,"medium_large":false,"large":false,"1536x1536":false,"2048x2048":false},"uagb_author_info":{"display_name":"Denis Paul","author_link":"https:\/\/dvcom.ca\/en\/author\/zenden\/"},"uagb_comment_info":0,"uagb_excerpt":"Beyond strategy, creating &#8230;a remarquable Brand Experience. Designing digital marketing strategies means first understanding the essence of brands, the relationship between a brand and its Community! This relationship tells the story of the brand&#8230; Denis Paul Vanchestein Digital Strategist, PARTNER Benoit Descary Digital Strategist, PARTNER Career Path With more than 25 years of experience in&hellip;","_links":{"self":[{"href":"https:\/\/dvcom.ca\/en\/wp-json\/wp\/v2\/pages\/1512","targetHints":{"allow":["GET"]}}],"collection":[{"href":"https:\/\/dvcom.ca\/en\/wp-json\/wp\/v2\/pages"}],"about":[{"href":"https:\/\/dvcom.ca\/en\/wp-json\/wp\/v2\/types\/page"}],"author":[{"embeddable":true,"href":"https:\/\/dvcom.ca\/en\/wp-json\/wp\/v2\/users\/3"}],"replies":[{"embeddable":true,"href":"https:\/\/dvcom.ca\/en\/wp-json\/wp\/v2\/comments?post=1512"}],"version-history":[{"count":7,"href":"https:\/\/dvcom.ca\/en\/wp-json\/wp\/v2\/pages\/1512\/revisions"}],"predecessor-version":[{"id":1950,"href":"https:\/\/dvcom.ca\/en\/wp-json\/wp\/v2\/pages\/1512\/revisions\/1950"}],"wp:attachment":[{"href":"https:\/\/dvcom.ca\/en\/wp-json\/wp\/v2\/media?parent=1512"}],"curies":[{"name":"wp","href":"https:\/\/api.w.org\/{rel}","templated":true}]}}